{"id":921,"date":"2025-07-08T13:40:18","date_gmt":"2025-07-08T13:40:18","guid":{"rendered":"https:\/\/la.dlink.com\/?page_id=921"},"modified":"2025-08-31T16:02:05","modified_gmt":"2025-08-31T16:02:05","slug":"camaras-wi-fi","status":"publish","type":"page","link":"https:\/\/la.dlink.com\/la\/hogar-digital\/camaras-wi-fi\/","title":{"rendered":"C\u00e1maras Wi-Fi"},"content":{"rendered":"\t\t<div data-elementor-type=\"wp-page\" data-elementor-id=\"921\" class=\"elementor elementor-921\" data-elementor-post-type=\"page\">\n\t\t\t\t<div class=\"elementor-element elementor-element-aa764c2 elementor-hidden-mobile e-flex e-con-boxed e-con e-parent\" data-id=\"aa764c2\" data-element_type=\"container\">\n\t\t\t\t\t<div class=\"e-con-inner\">\n\t\t<div class=\"elementor-element elementor-element-1bc7033 e-con-full e-flex e-con e-child\" data-id=\"1bc7033\" data-element_type=\"container\">\n\t\t\t\t<div class=\"elementor-element elementor-element-2947d73 elementor-widget elementor-widget-html\" data-id=\"2947d73\" data-element_type=\"widget\" data-widget_type=\"html.default\">\n\t\t\t\t<div class=\"elementor-widget-container\">\n\t\t\t\t\t<nav class=\"breadcrumb-productos\" style=\"display:flex; align-items:center; gap:8px; font-size:15px; font-weight:500;\">\n\n  <!-- Icono de casa con link al inicio -->\n  <a href=\"\/\" class=\"home-icon\" title=\"Inicio\" style=\"display:flex; align-items:center; color:#0083A5; gap:6px;\">\n    <svg class=\"icon-home\" viewBox=\"0 0 32 32\" xmlns=\"http:\/\/www.w3.org\/2000\/svg\" style=\"vertical-align:middle; width:22px; height:22px; fill:currentColor;\">\n      <path d=\"M16 2.672l-5.331 5.331v-2.133h-4.265v6.398l-3.755 3.755 0.754 0.754 12.597-12.597 12.597 12.597 0.754-0.754-13.351-13.351zM7.47 6.937h2.132v2.132l-2.133 2.133v-4.265z\"><\/path>\n      <path d=\"M6.404 16.533v12.795h7.464v-7.464h4.265v7.464h7.464v-12.795l-9.596-9.596-9.596 9.596zM24.53 28.262h-5.331v-7.464h-6.398v7.464h-5.331v-11.287l8.53-8.53 8.53 8.53v11.287z\"><\/path>\n    <\/svg>\n  <\/a>\n\n  <span class=\"separator\" style=\"margin:0 8px; color:#d1d1d1;\">&gt;<\/span>\n\n  <!-- Espacios manuales para llenar -->\n  <span class=\"categoria-padre\" style=\"color:#191f21; font-size:12px; font-weight:400;\">Hogar digital<\/span>\n  <span class=\"separator\" style=\"margin:0 8px; color:#d1d1d1;\">&gt;<\/span>\n  <span class=\"categoria-hijo\" style=\"color:#191f21; text-decoration:none; font-size:12px;\">C\u00e1maras<\/span>\n  <span class=\"separator\" style=\"margin:0 8px; color:#d1d1d1;\"><\/span>\n\n<\/nav>\n\t\t\t\t<\/div>\n\t\t\t\t<\/div>\n\t\t\t\t<\/div>\n\t\t\t\t\t<\/div>\n\t\t\t\t<\/div>\n\t\t<div class=\"elementor-element elementor-element-4d88828 e-con-full e-flex e-con e-parent\" data-id=\"4d88828\" data-element_type=\"container\" data-settings=\"{&quot;background_background&quot;:&quot;classic&quot;}\">\n\t\t<div class=\"elementor-element elementor-element-3647c2d e-con-full e-flex e-con e-child\" data-id=\"3647c2d\" data-element_type=\"container\">\n\t\t\t\t<div class=\"elementor-element elementor-element-3740d09 elementor-widget elementor-widget-spacer\" data-id=\"3740d09\" data-element_type=\"widget\" data-widget_type=\"spacer.default\">\n\t\t\t\t<div class=\"elementor-widget-container\">\n\t\t\t\t\t\t\t<div class=\"elementor-spacer\">\n\t\t\t<div class=\"elementor-spacer-inner\"><\/div>\n\t\t<\/div>\n\t\t\t\t\t\t<\/div>\n\t\t\t\t<\/div>\n\t\t\t\t<div class=\"elementor-element elementor-element-1f5f5fc elementor-widget elementor-widget-heading\" data-id=\"1f5f5fc\" data-element_type=\"widget\" data-widget_type=\"heading.default\">\n\t\t\t\t<div class=\"elementor-widget-container\">\n\t\t\t\t\t<h2 class=\"elementor-heading-title elementor-size-default\">C\u00e1maras Wi-Fi <\/h2>\t\t\t\t<\/div>\n\t\t\t\t<\/div>\n\t\t\t\t<div class=\"elementor-element elementor-element-727fee2 elementor-widget elementor-widget-spacer\" data-id=\"727fee2\" data-element_type=\"widget\" data-widget_type=\"spacer.default\">\n\t\t\t\t<div class=\"elementor-widget-container\">\n\t\t\t\t\t\t\t<div class=\"elementor-spacer\">\n\t\t\t<div class=\"elementor-spacer-inner\"><\/div>\n\t\t<\/div>\n\t\t\t\t\t\t<\/div>\n\t\t\t\t<\/div>\n\t\t\t\t<\/div>\n\t\t\t\t<\/div>\n\t\t<div class=\"elementor-element elementor-element-284b03e e-flex e-con-boxed e-con e-parent\" data-id=\"284b03e\" data-element_type=\"container\">\n\t\t\t\t\t<div class=\"e-con-inner\">\n\t\t<div class=\"elementor-element elementor-element-b342ff6 e-con-full e-flex e-con e-child\" data-id=\"b342ff6\" data-element_type=\"container\">\n\t\t\t\t<div class=\"elementor-element elementor-element-7602fbd elementor-widget elementor-widget-spacer\" data-id=\"7602fbd\" data-element_type=\"widget\" data-widget_type=\"spacer.default\">\n\t\t\t\t<div class=\"elementor-widget-container\">\n\t\t\t\t\t\t\t<div class=\"elementor-spacer\">\n\t\t\t<div class=\"elementor-spacer-inner\"><\/div>\n\t\t<\/div>\n\t\t\t\t\t\t<\/div>\n\t\t\t\t<\/div>\n\t\t\t\t<\/div>\n\t\t<div class=\"elementor-element elementor-element-ae6caf0 e-con-full e-flex e-con e-child\" data-id=\"ae6caf0\" data-element_type=\"container\">\n\t\t\t\t<div class=\"elementor-element elementor-element-bfb9749 elementor-grid-3 elementor-grid-tablet-2 elementor-grid-mobile-1 elementor-widget elementor-widget-loop-grid\" data-id=\"bfb9749\" data-element_type=\"widget\" data-settings=\"{&quot;template_id&quot;:&quot;1659&quot;,&quot;row_gap&quot;:{&quot;unit&quot;:&quot;px&quot;,&quot;size&quot;:15,&quot;sizes&quot;:[]},&quot;_skin&quot;:&quot;post&quot;,&quot;columns&quot;:&quot;3&quot;,&quot;columns_tablet&quot;:&quot;2&quot;,&quot;columns_mobile&quot;:&quot;1&quot;,&quot;edit_handle_selector&quot;:&quot;[data-elementor-type=\\&quot;loop-item\\&quot;]&quot;,&quot;row_gap_tablet&quot;:{&quot;unit&quot;:&quot;px&quot;,&quot;size&quot;:&quot;&quot;,&quot;sizes&quot;:[]},&quot;row_gap_mobile&quot;:{&quot;unit&quot;:&quot;px&quot;,&quot;size&quot;:&quot;&quot;,&quot;sizes&quot;:[]}}\" data-widget_type=\"loop-grid.post\">\n\t\t\t\t<div class=\"elementor-widget-container\">\n\t\t\t\t\t\t\t<div class=\"elementor-loop-container elementor-grid\" role=\"list\">\n\t\t<style id=\"loop-1659\">.elementor-1659 .elementor-element.elementor-element-f0c8bae{--display:flex;--flex-direction:column;--container-widget-width:100%;--container-widget-height:initial;--container-widget-flex-grow:0;--container-widget-align-self:initial;--flex-wrap-mobile:wrap;--gap:0px 0px;--row-gap:0px;--column-gap:0px;border-style:solid;--border-style:solid;border-width:1px 1px 1px 1px;--border-top-width:1px;--border-right-width:1px;--border-bottom-width:1px;--border-left-width:1px;border-color:#EAEAEA;--border-color:#EAEAEA;--margin-top:0px;--margin-bottom:0px;--margin-left:0px;--margin-right:0px;--padding-top:20px;--padding-bottom:30px;--padding-left:20px;--padding-right:20px;}.elementor-1659 .elementor-element.elementor-element-f0c8bae:hover{border-style:solid;border-width:1px 1px 1px 1px;--border-top-width:1px;--border-right-width:1px;--border-bottom-width:1px;--border-left-width:1px;border-color:#1B9DE7;--border-color:#1B9DE7;}.elementor-1659 .elementor-element.elementor-element-f0c8bae, .elementor-1659 .elementor-element.elementor-element-f0c8bae::before{--border-transition:0.3s;}.elementor-1659 .elementor-element.elementor-element-ed17157 > .elementor-widget-container{margin:10px 10px 10px 10px;padding:45px 0px 20px 0px;}.elementor-1659 .elementor-element.elementor-element-adad264 > .elementor-widget-container{margin:0px 20px 0px 20px;padding:0px 0px 0px 0px;}.elementor-1659 .elementor-element.elementor-element-adad264{text-align:left;}.elementor-1659 .elementor-element.elementor-element-adad264 .elementor-heading-title{font-family:\"Lato\", Sans-serif;font-size:14px;font-weight:400;text-decoration:none;line-height:24px;color:#1B9DE7;}.elementor-1659 .elementor-element.elementor-element-cabf393 > .elementor-widget-container{margin:0px 20px 20px 20px;padding:0px 0px 30px 0px;}.elementor-1659 .elementor-element.elementor-element-cabf393{text-align:left;}.elementor-1659 .elementor-element.elementor-element-cabf393 .elementor-heading-title{font-family:\"Lato\", Sans-serif;font-size:20px;font-weight:400;text-decoration:none;line-height:26px;color:#11171F;}\/* Start custom CSS for heading, class: .elementor-element-adad264 *\/.ast-single-post .entry-content a, .ast-comment-content a:not(.ast-comment-edit-reply-wrap a) {\n    text-decoration: none;\n}\/* End custom CSS *\/<\/style>\t\t<div data-elementor-type=\"loop-item\" data-elementor-id=\"1659\" class=\"elementor elementor-1659 e-loop-item e-loop-item-2976 post-2976 productos type-productos status-publish has-post-thumbnail hentry category-camaras category-hogar-digital\" data-elementor-post-type=\"elementor_library\" data-custom-edit-handle=\"1\">\n\t\t\t<a class=\"elementor-element elementor-element-f0c8bae e-con-full e-flex e-con e-parent\" data-id=\"f0c8bae\" data-element_type=\"container\" href=\"https:\/\/la.dlink.com\/la\/productos\/dcs-6501lh\/\">\n\t\t\t\t<div class=\"elementor-element elementor-element-ed17157 elementor-widget elementor-widget-image\" data-id=\"ed17157\" data-element_type=\"widget\" data-widget_type=\"image.default\">\n\t\t\t\t<div class=\"elementor-widget-container\">\n\t\t\t\t\t\t\t\t\t\t\t\t\t\t\t<img fetchpriority=\"high\" decoding=\"async\" width=\"256\" height=\"200\" src=\"https:\/\/la.dlink.com\/la\/wp-content\/uploads\/2025\/07\/DCS6501LHC1ImageLFrontNew.png\" class=\"attachment-large size-large wp-image-3573\" alt=\"\" \/>\t\t\t\t\t\t\t\t\t\t\t\t\t\t\t<\/div>\n\t\t\t\t<\/div>\n\t\t\t\t<div class=\"elementor-element elementor-element-adad264 elementor-widget elementor-widget-heading\" data-id=\"adad264\" data-element_type=\"widget\" data-widget_type=\"heading.default\">\n\t\t\t\t<div class=\"elementor-widget-container\">\n\t\t\t\t\t<h2 class=\"elementor-heading-title elementor-size-default\">DCS-6501LH<\/h2>\t\t\t\t<\/div>\n\t\t\t\t<\/div>\n\t\t\t\t<div class=\"elementor-element elementor-element-cabf393 elementor-widget elementor-widget-heading\" data-id=\"cabf393\" data-element_type=\"widget\" data-widget_type=\"heading.default\">\n\t\t\t\t<div class=\"elementor-widget-container\">\n\t\t\t\t\t<h2 class=\"elementor-heading-title elementor-size-default\">C\u00e1mara Wi-Fi 2K con movimiento horizontal y vertical<\/h2>\t\t\t\t<\/div>\n\t\t\t\t<\/div>\n\t\t\t\t<\/a>\n\t\t\t\t<\/div>\n\t\t\t\t<\/div>\n\t\t\n\t\t\t\t\t\t<\/div>\n\t\t\t\t<\/div>\n\t\t\t\t<\/div>\n\t\t\t\t\t<\/div>\n\t\t\t\t<\/div>\n\t\t\t\t<\/div>\n\t\t","protected":false},"excerpt":{"rendered":"<p>&gt; Hogar digital &gt; C\u00e1maras C\u00e1maras Wi-Fi<\/p>\n","protected":false},"author":1,"featured_media":0,"parent":11278,"menu_order":0,"comment_status":"closed","ping_status":"closed","template":"","meta":{"_acf_changed":false,"site-sidebar-layout":"no-sidebar","site-content-layout":"","ast-site-content-layout":"full-width-container","site-content-style":"default","site-sidebar-style":"default","ast-global-header-display":"","ast-banner-title-visibility":"","ast-main-header-display":"","ast-hfb-above-header-display":"","ast-hfb-below-header-display":"","ast-hfb-mobile-header-display":"","site-post-title":"disabled","ast-breadcrumbs-content":"","ast-featured-img":"disabled","footer-sml-layout":"","theme-transparent-header-meta":"","adv-header-id-meta":"","stick-header-meta":"","header-above-stick-meta":"","header-main-stick-meta":"","header-below-stick-meta":"","astra-migrate-meta-layouts":"default","ast-page-background-enabled":"default","ast-page-background-meta":{"desktop":{"background-color":"var(--ast-global-color-5)","background-image":"","background-repeat":"repeat","background-position":"center center","background-size":"auto","background-attachment":"scroll","background-type":"","background-media":"","overlay-type":"","overlay-color":"","overlay-opacity":"","overlay-gradient":""},"tablet":{"background-color":"","background-image":"","background-repeat":"repeat","background-position":"center center","background-size":"auto","background-attachment":"scroll","background-type":"","background-media":"","overlay-type":"","overlay-color":"","overlay-opacity":"","overlay-gradient":""},"mobile":{"background-color":"","background-image":"","background-repeat":"repeat","background-position":"center center","background-size":"auto","background-attachment":"scroll","background-type":"","background-media":"","overlay-type":"","overlay-color":"","overlay-opacity":"","overlay-gradient":""}},"ast-content-background-meta":{"desktop":{"background-color":"var(--ast-global-color-4)","background-image":"","background-repeat":"repeat","background-position":"center center","background-size":"auto","background-attachment":"scroll","background-type":"","background-media":"","overlay-type":"","overlay-color":"","overlay-opacity":"","overlay-gradient":""},"tablet":{"background-color":"var(--ast-global-color-4)","background-image":"","background-repeat":"repeat","background-position":"center center","background-size":"auto","background-attachment":"scroll","background-type":"","background-media":"","overlay-type":"","overlay-color":"","overlay-opacity":"","overlay-gradient":""},"mobile":{"background-color":"var(--ast-global-color-4)","background-image":"","background-repeat":"repeat","background-position":"center center","background-size":"auto","background-attachment":"scroll","background-type":"","background-media":"","overlay-type":"","overlay-color":"","overlay-opacity":"","overlay-gradient":""}},"footnotes":""},"class_list":["post-921","page","type-page","status-publish","hentry"],"acf":[],"yoast_head":"<!-- This site is optimized with the Yoast SEO plugin v25.9 - https:\/\/yoast.com\/wordpress\/plugins\/seo\/ -->\n<title>C\u00e1maras Wi-Fi - D-Link Latinamerica<\/title>\n<meta name=\"robots\" content=\"index, follow, max-snippet:-1, max-image-preview:large, max-video-preview:-1\" \/>\n<link rel=\"canonical\" href=\"https:\/\/la.dlink.com\/la\/hogar-digital\/camaras-wi-fi\/\" \/>\n<meta property=\"og:locale\" content=\"es_ES\" \/>\n<meta property=\"og:type\" content=\"article\" \/>\n<meta property=\"og:title\" content=\"C\u00e1maras Wi-Fi - D-Link Latinamerica\" \/>\n<meta property=\"og:description\" content=\"&gt; Hogar digital &gt; C\u00e1maras C\u00e1maras Wi-Fi\" \/>\n<meta property=\"og:url\" content=\"https:\/\/la.dlink.com\/la\/hogar-digital\/camaras-wi-fi\/\" \/>\n<meta property=\"og:site_name\" content=\"D-Link Latinamerica\" \/>\n<meta property=\"article:modified_time\" content=\"2025-08-31T16:02:05+00:00\" \/>\n<meta name=\"twitter:card\" content=\"summary_large_image\" \/>\n<script type=\"application\/ld+json\" class=\"yoast-schema-graph\">{\"@context\":\"https:\/\/schema.org\",\"@graph\":[{\"@type\":\"WebPage\",\"@id\":\"https:\/\/la.dlink.com\/la\/hogar-digital\/camaras-wi-fi\/\",\"url\":\"https:\/\/la.dlink.com\/la\/hogar-digital\/camaras-wi-fi\/\",\"name\":\"C\u00e1maras Wi-Fi - D-Link Latinamerica\",\"isPartOf\":{\"@id\":\"https:\/\/la.dlink.com\/la\/#website\"},\"datePublished\":\"2025-07-08T13:40:18+00:00\",\"dateModified\":\"2025-08-31T16:02:05+00:00\",\"breadcrumb\":{\"@id\":\"https:\/\/la.dlink.com\/la\/hogar-digital\/camaras-wi-fi\/#breadcrumb\"},\"inLanguage\":\"es\",\"potentialAction\":[{\"@type\":\"ReadAction\",\"target\":[\"https:\/\/la.dlink.com\/la\/hogar-digital\/camaras-wi-fi\/\"]}]},{\"@type\":\"BreadcrumbList\",\"@id\":\"https:\/\/la.dlink.com\/la\/hogar-digital\/camaras-wi-fi\/#breadcrumb\",\"itemListElement\":[{\"@type\":\"ListItem\",\"position\":1,\"name\":\"Portada\",\"item\":\"https:\/\/la.dlink.com\/la\/\"},{\"@type\":\"ListItem\",\"position\":2,\"name\":\"Hogar digital\",\"item\":\"https:\/\/la.dlink.com\/la\/hogar-digital\/\"},{\"@type\":\"ListItem\",\"position\":3,\"name\":\"C\u00e1maras Wi-Fi\"}]},{\"@type\":\"WebSite\",\"@id\":\"https:\/\/la.dlink.com\/la\/#website\",\"url\":\"https:\/\/la.dlink.com\/la\/\",\"name\":\"D-Link Latinamerica\",\"description\":\"\",\"publisher\":{\"@id\":\"https:\/\/la.dlink.com\/la\/#organization\"},\"potentialAction\":[{\"@type\":\"SearchAction\",\"target\":{\"@type\":\"EntryPoint\",\"urlTemplate\":\"https:\/\/la.dlink.com\/la\/?s={search_term_string}\"},\"query-input\":{\"@type\":\"PropertyValueSpecification\",\"valueRequired\":true,\"valueName\":\"search_term_string\"}}],\"inLanguage\":\"es\"},{\"@type\":\"Organization\",\"@id\":\"https:\/\/la.dlink.com\/la\/#organization\",\"name\":\"D-Link Latinamerica\",\"url\":\"https:\/\/la.dlink.com\/la\/\",\"logo\":{\"@type\":\"ImageObject\",\"inLanguage\":\"es\",\"@id\":\"https:\/\/la.dlink.com\/la\/#\/schema\/logo\/image\/\",\"url\":\"https:\/\/la.dlink.com\/la\/wp-content\/uploads\/2025\/05\/logo_dlink.png\",\"contentUrl\":\"https:\/\/la.dlink.com\/la\/wp-content\/uploads\/2025\/05\/logo_dlink.png\",\"width\":100,\"height\":32,\"caption\":\"D-Link Latinamerica\"},\"image\":{\"@id\":\"https:\/\/la.dlink.com\/la\/#\/schema\/logo\/image\/\"}}]}<\/script>\n<!-- \/ Yoast SEO plugin. -->","yoast_head_json":{"title":"C\u00e1maras Wi-Fi - D-Link Latinamerica","robots":{"index":"index","follow":"follow","max-snippet":"max-snippet:-1","max-image-preview":"max-image-preview:large","max-video-preview":"max-video-preview:-1"},"canonical":"https:\/\/la.dlink.com\/la\/hogar-digital\/camaras-wi-fi\/","og_locale":"es_ES","og_type":"article","og_title":"C\u00e1maras Wi-Fi - D-Link Latinamerica","og_description":"&gt; Hogar digital &gt; C\u00e1maras C\u00e1maras Wi-Fi","og_url":"https:\/\/la.dlink.com\/la\/hogar-digital\/camaras-wi-fi\/","og_site_name":"D-Link Latinamerica","article_modified_time":"2025-08-31T16:02:05+00:00","twitter_card":"summary_large_image","schema":{"@context":"https:\/\/schema.org","@graph":[{"@type":"WebPage","@id":"https:\/\/la.dlink.com\/la\/hogar-digital\/camaras-wi-fi\/","url":"https:\/\/la.dlink.com\/la\/hogar-digital\/camaras-wi-fi\/","name":"C\u00e1maras Wi-Fi - D-Link Latinamerica","isPartOf":{"@id":"https:\/\/la.dlink.com\/la\/#website"},"datePublished":"2025-07-08T13:40:18+00:00","dateModified":"2025-08-31T16:02:05+00:00","breadcrumb":{"@id":"https:\/\/la.dlink.com\/la\/hogar-digital\/camaras-wi-fi\/#breadcrumb"},"inLanguage":"es","potentialAction":[{"@type":"ReadAction","target":["https:\/\/la.dlink.com\/la\/hogar-digital\/camaras-wi-fi\/"]}]},{"@type":"BreadcrumbList","@id":"https:\/\/la.dlink.com\/la\/hogar-digital\/camaras-wi-fi\/#breadcrumb","itemListElement":[{"@type":"ListItem","position":1,"name":"Portada","item":"https:\/\/la.dlink.com\/la\/"},{"@type":"ListItem","position":2,"name":"Hogar digital","item":"https:\/\/la.dlink.com\/la\/hogar-digital\/"},{"@type":"ListItem","position":3,"name":"C\u00e1maras Wi-Fi"}]},{"@type":"WebSite","@id":"https:\/\/la.dlink.com\/la\/#website","url":"https:\/\/la.dlink.com\/la\/","name":"D-Link Latinamerica","description":"","publisher":{"@id":"https:\/\/la.dlink.com\/la\/#organization"},"potentialAction":[{"@type":"SearchAction","target":{"@type":"EntryPoint","urlTemplate":"https:\/\/la.dlink.com\/la\/?s={search_term_string}"},"query-input":{"@type":"PropertyValueSpecification","valueRequired":true,"valueName":"search_term_string"}}],"inLanguage":"es"},{"@type":"Organization","@id":"https:\/\/la.dlink.com\/la\/#organization","name":"D-Link Latinamerica","url":"https:\/\/la.dlink.com\/la\/","logo":{"@type":"ImageObject","inLanguage":"es","@id":"https:\/\/la.dlink.com\/la\/#\/schema\/logo\/image\/","url":"https:\/\/la.dlink.com\/la\/wp-content\/uploads\/2025\/05\/logo_dlink.png","contentUrl":"https:\/\/la.dlink.com\/la\/wp-content\/uploads\/2025\/05\/logo_dlink.png","width":100,"height":32,"caption":"D-Link Latinamerica"},"image":{"@id":"https:\/\/la.dlink.com\/la\/#\/schema\/logo\/image\/"}}]}},"_links":{"self":[{"href":"https:\/\/la.dlink.com\/la\/wp-json\/wp\/v2\/pages\/921","targetHints":{"allow":["GET"]}}],"collection":[{"href":"https:\/\/la.dlink.com\/la\/wp-json\/wp\/v2\/pages"}],"about":[{"href":"https:\/\/la.dlink.com\/la\/wp-json\/wp\/v2\/types\/page"}],"author":[{"embeddable":true,"href":"https:\/\/la.dlink.com\/la\/wp-json\/wp\/v2\/users\/1"}],"replies":[{"embeddable":true,"href":"https:\/\/la.dlink.com\/la\/wp-json\/wp\/v2\/comments?post=921"}],"version-history":[{"count":16,"href":"https:\/\/la.dlink.com\/la\/wp-json\/wp\/v2\/pages\/921\/revisions"}],"predecessor-version":[{"id":8007,"href":"https:\/\/la.dlink.com\/la\/wp-json\/wp\/v2\/pages\/921\/revisions\/8007"}],"up":[{"embeddable":true,"href":"https:\/\/la.dlink.com\/la\/wp-json\/wp\/v2\/pages\/11278"}],"wp:attachment":[{"href":"https:\/\/la.dlink.com\/la\/wp-json\/wp\/v2\/media?parent=921"}],"curies":[{"name":"wp","href":"https:\/\/api.w.org\/{rel}","templated":true}]}}